{"id":3398,"date":"2020-01-14T15:25:43","date_gmt":"2020-01-14T14:25:43","guid":{"rendered":"https:\/\/www.deepforestartland.dk\/guidede-ture\/"},"modified":"2024-07-21T11:55:02","modified_gmt":"2024-07-21T09:55:02","slug":"guidede-ture","status":"publish","type":"page","link":"https:\/\/www.deepforestartland.dk\/de\/besoeg\/guidede-ture\/","title":{"rendered":"F\u00fchrungen und Veranstaltungen"},"content":{"rendered":"","protected":false},"excerpt":{"rendered":"","protected":false},"author":6,"featured_media":0,"parent":3437,"menu_order":0,"comment_status":"closed","ping_status":"closed","template":"views\/template-modules.blade.php","meta":{"footnotes":""},"class_list":["post-3398","page","type-page","status-publish","hentry"],"app_templates_home_page_top_banner_image":"","app_templates_home_page_top_banner_animate":false,"app_templates_home_page_top_banner_body":"","app_templates_home_page_top_banner_link":{"value":"","url":"","anchor":"","blank":0},"app_templates_home_page_top_banner_circles":[],"app_templates_home_page_top_banner_circle_size":"sm","app_templates_home_page_featured_features":[],"app_templates_home_page_calendar_events":[],"app_templates_home_page_calendar_order_by":"date","app_templates_home_page_highlighted_artwork_artwork":[],"app_templates_modules_top_banner_title":"F\u00fchrungen und Veranstaltungen","app_templates_modules_top_banner_image":"771","app_templates_modules_top_banner_bg_size":"bg-cover","app_templates_modules_top_banner_hide_scroll":false,"app_templates_modules_top_banner_dark_text":true,"app_templates_modules_top_banner_show_company_about":false,"app_templates_modules_top_banner_overlay":false,"app_templates_modules_modules_modules":[{"_type":"section","image":"","title":"Buchen Sie eine F\u00fchrung","subtitle":"Gehen Sie mit dem Deep Forest Art Land auf Tuchf\u00fchlung","body":"M\u00f6chten Sie mehr \u00fcber die Werke erfahren? Alles \u00fcber Ihre Entstehung h\u00f6ren? Sind Sie eine gr\u00f6\u00dfere Gruppe, die den Wald erkunden m\u00f6chte?\r\n\r\nBei Deep Forest Art Land bieten wir gef\u00fchrte Touren an, die genau auf Ihre spezifischen Bed\u00fcrfnisse zugeschnitten sind.\r\n\r\nDiese Reise durch die Kunst kann unterwegs gerne mit einer Tasse Kaffee\/ Tee und Kuchen sowie Bier\/ Wein \/ Wasser und einem kleinen Snack erg\u00e4nzt werden.\r\n\r\nSie sind eine kleinere Gruppe\/ Familie? Oder Sie m\u00f6chten alleine an einer F\u00fchrung teilnehmen? <a href=\"https:\/\/www.deepforestartland.dk\/de\/kalender\/\"><strong>Schauen sie sich hierzu unseren Kalender an!<\/strong><\/a>\u00a0Wir bieten regelm\u00e4\u00dfig F\u00fchrungen an, f\u00fcr die Sie eine Einzelkarten kaufen k\u00f6nnen."},{"_type":"section","image":"","title":"","subtitle":"Kunstspaziergang \r\nDauer: 60 min.","body":"Genie\u00dfe Sie mit Ihrem ganz pers\u00f6nlichen F\u00fchrer eine Kunstwanderung im Deep Forest Art Land. Auf dieser Reise werden wir Ihnen eine Auswahl der gr\u00f6\u00dften Werke im Wald pr\u00e4sentieren. Erfahren Sie mehr \u00fcber die K\u00fcnstler und die Geschichten hinter ihren Werken.\r\n\r\nIm Anschluss haben Sie die M\u00f6glichkeit, den Rest des Waldes auf eigene Faust zu erkunden. Genie\u00dfen Sie gerne Ihr mitgebrachtes Picknick im gotischen Pavillon.\r\n<ul>\r\n \t<li>Der Preis betr\u00e4gt 1125 DKK f\u00fcr Gruppen bis zu 15 Personen<\/li>\r\n \t<li>Jede zus\u00e4tzliche Person wird mit 75 DKK berechnet<\/li>\r\n \t<li>Der Preis beinhaltet eine Tour von rd. 60min. mit einem privaten F\u00fchrer<\/li>\r\n<\/ul>\r\nBuchen Sie eine Tour, indem Sie mindestens 14 Tage vorher eine E-Mail an info@deepforestartland.dk senden. <strong><em>Die Tour kann auf D\u00e4nisch oder Englisch gebucht werden.<\/em><\/strong>\r\n\r\nEs besteht die M\u00f6glichkeit, Verpflegung in Form von Kaffee\/Tee\/Kuchen oder Wein\/Bier\/Soda\/Snacks f\u00fcr 45 DKK pro Person zu erwerben, sowie Bio-Sandwiches (inkl. Obst, etwas S\u00fc\u00dfem und Wasser) f\u00fcr 165 DKK pro Person."},{"_type":"section","image":"","title":"","subtitle":"Kunst, Natur & Zusammengeh\u00f6rigkeit\r\nDauer: ca. 3 Stunden","body":"Gehen Sie mit dem Deep Forest Artland auf Tuchf\u00fchlung!\r\n\r\nAuf dieser Reise erhalten Sie eine F\u00fchrung durch den gesamten Wald, bei der Sie aufregende Kunstwerke und die sch\u00f6ne, unverwechselbare Natur erleben. Wir legen Wert auf Dialog und gemeinsame Erfahrungen.\r\n\r\nSie erfahren viel \u00fcber die K\u00fcnstler und die Geschichten hinter ihren Werken. Dar\u00fcber hinaus beinhaltet diese Tour eine Pause bei der wir Ihnen Erfrischungen reichen.\r\n<ul>\r\n \t<li>Der Preis betr\u00e4gt 2495 DKK f\u00fcr Gruppen bis zu 15 Personen<\/li>\r\n \t<li>Jede zus\u00e4tzliche Person wird mit 165 DKK berechnet<\/li>\r\n \t<li>Der Preis beinhaltet eine Tour von rd. 3 Stunden mit einem privaten F\u00fchrer, sowie\r\nTee\/ Kaffee und Kuchen oder Wein\/Bier und ein kleiner Snack<\/li>\r\n \t<li>Gerne stellen wir Ihnen Tische und B\u00e4nke zur Verf\u00fcgung und z\u00fcnden den Grill an<\/li>\r\n<\/ul>\r\nDie Buchung der Tour sollte sp\u00e4testens 14 Tage zuvor per E-mail an info@deepforestartland.dk erfolgen. <strong><em>Die Tour kann auf D\u00e4nisch oder Englisch gebucht werden.<\/em><\/strong>\r\n\r\nEs besteht die M\u00f6glichkeit, mehr Verpflegung in Form von Bio-Sandwiches (inkl. Obst, etwas S\u00fc\u00dfem und Wasser) f\u00fcr 165 DKK pro Person."},{"_type":"section","image":"","title":"Buchen Sie eine besondere Veranstaltung","subtitle":"Genie\u00dfen Sie ein einzigartiges, kulturelles Erlebnis","body":"Gibt es einen Anlass G\u00e4ste oder Gesch\u00e4ftspartner einzuladen? Dann stehen wir f\u00fcr ein einzigartiges, kulturelles Erlebnis im Depp Forest Art Land zur Verf\u00fcgung. Lassen Sie Ihre Veranstaltung mit einem anschlie\u00dfenden Drink und leichten Speisen in den privaten R\u00e4umlichkeiten des D\u00f8vling Meldgaard ausklingen."},{"_type":"section","image":"","title":"","subtitle":"Seien Sie aktiv kreativ im Deep Forest Art Land","body":"M\u00f6chten Sie gerne selbst im Wald kreativ sein? Wir k\u00f6nnen verschiedene Workshops anbieten, in denen Sie und Ihre Freunde oder Kollegen Teil des kreativen Prozesses werden k\u00f6nnen.\r\n\r\nM\u00f6chten Sie gerne mehr \u00fcber die M\u00f6glichkeiten erfahren? Dann kontaktieren Sie uns per E-Mail: info@deepforestartland.dk"},{"_type":"columns","valign":"start","column_left":[{"_type":"image","image":"783","image_align":"start","image_size":"big","caption":"","mobile_no_edges":false}],"column_right":[{"_type":"image","image":"773","image_align":"start","image_size":"big","caption":"","mobile_no_edges":false}]},{"_type":"columns","valign":"start","column_left":[{"_type":"image","image":"781","image_align":"start","image_size":"big","caption":"","mobile_no_edges":false}],"column_right":[{"_type":"image","image":"777","image_align":"start","image_size":"big","caption":"","mobile_no_edges":false}]}],"_links":{"self":[{"href":"https:\/\/www.deepforestartland.dk\/de\/wp-json\/wp\/v2\/pages\/3398","targetHints":{"allow":["GET"]}}],"collection":[{"href":"https:\/\/www.deepforestartland.dk\/de\/wp-json\/wp\/v2\/pages"}],"about":[{"href":"https:\/\/www.deepforestartland.dk\/de\/wp-json\/wp\/v2\/types\/page"}],"author":[{"embeddable":true,"href":"https:\/\/www.deepforestartland.dk\/de\/wp-json\/wp\/v2\/users\/6"}],"replies":[{"embeddable":true,"href":"https:\/\/www.deepforestartland.dk\/de\/wp-json\/wp\/v2\/comments?post=3398"}],"version-history":[{"count":5,"href":"https:\/\/www.deepforestartland.dk\/de\/wp-json\/wp\/v2\/pages\/3398\/revisions"}],"predecessor-version":[{"id":4695,"href":"https:\/\/www.deepforestartland.dk\/de\/wp-json\/wp\/v2\/pages\/3398\/revisions\/4695"}],"up":[{"embeddable":true,"href":"https:\/\/www.deepforestartland.dk\/de\/wp-json\/wp\/v2\/pages\/3437"}],"wp:attachment":[{"href":"https:\/\/www.deepforestartland.dk\/de\/wp-json\/wp\/v2\/media?parent=3398"}],"curies":[{"name":"wp","href":"https:\/\/api.w.org\/{rel}","templated":true}]}}