{"id":3400,"date":"2020-01-14T15:19:43","date_gmt":"2020-01-14T14:19:43","guid":{"rendered":"https:\/\/www.deepforestartland.dk\/teamet-bestyrelsen-og-partnere\/"},"modified":"2024-08-19T15:05:22","modified_gmt":"2024-08-19T13:05:22","slug":"teamet-bestyrelsen-og-partnere","status":"publish","type":"page","link":"https:\/\/www.deepforestartland.dk\/de\/om\/teamet-bestyrelsen-og-partnere\/","title":{"rendered":"Teamet, bestyrelsen og partnere"},"content":{"rendered":"","protected":false},"excerpt":{"rendered":"","protected":false},"author":6,"featured_media":0,"parent":3439,"menu_order":6,"comment_status":"closed","ping_status":"closed","template":"views\/template-modules.blade.php","meta":{"footnotes":""},"class_list":["post-3400","page","type-page","status-publish","hentry"],"app_templates_home_page_top_banner_image":"","app_templates_home_page_top_banner_animate":false,"app_templates_home_page_top_banner_body":"","app_templates_home_page_top_banner_link":{"value":"","url":"","anchor":"","blank":0},"app_templates_home_page_top_banner_circles":[],"app_templates_home_page_top_banner_circle_size":"sm","app_templates_home_page_featured_features":[],"app_templates_home_page_calendar_events":[],"app_templates_home_page_calendar_order_by":"date","app_templates_home_page_highlighted_artwork_artwork":[],"app_templates_modules_top_banner_title":"Teamet, bestyrelsen og partnere","app_templates_modules_top_banner_image":"66","app_templates_modules_top_banner_bg_size":"bg-cover","app_templates_modules_top_banner_hide_scroll":false,"app_templates_modules_top_banner_dark_text":false,"app_templates_modules_top_banner_show_company_about":false,"app_templates_modules_top_banner_overlay":false,"app_templates_modules_modules_modules":[{"_type":"content_center","title":"Organisationen","body":"<strong>Kristina Thormod Taaning, daglig leder<\/strong>\r\n\r\n<a href=\"mailto:kristina@deepforestartland.dk\" target=\"_blank\" rel=\"noopener\">kristina@deepforestartland.dk<\/a>\r\n\r\n+45 7179 0911\r\n\r\n<strong>Ren\u00e9 Schmidt, kunstnerisk ledelse<\/strong>\r\n\r\n<a href=\"mailto:rene@deepforestartland.dk\" target=\"_blank\" rel=\"noopener\">rene@deepforestartland.dk<\/a>\r\n\r\n45+ 5189 5471\r\n\r\n<strong>S\u00f8ren Taaning, kunstnerisk ledelse<\/strong>\r\n\r\n<a href=\"mailto:soren@deepforestartland.dk\" target=\"_blank\" rel=\"noopener\">soren@deepforestartland.dk<\/a>\r\n\r\n+45 3025 8658\r\n\r\n<strong>Aksel Kror, produktion og udvikling<\/strong>\r\n\r\n<a href=\"mailto:info@deepforestartland.dk\" target=\"_blank\" rel=\"noopener\">info@deepforestartland.dk<\/a>\r\n\r\n<strong>J\u00f8rn Lindhardtsen, produktion og udvikling<\/strong>\r\n\r\n<a href=\"mailto:info@deepforestartland.dk\" target=\"_blank\" rel=\"noopener\">info@deepforestartland.dk<\/a>"},{"_type":"section","image":"","title":"Bestyrelsen","subtitle":"Finn Poulsen, \r\nFormand","body":"<p class=\"xxmsonormal\">Finn Poulsen har v\u00e6ret en del af topledelsen i BESTSELLER koncernen siden 1985, og han har v\u00e6ret selskabets koncerndirekt\u00f8r i 20 \u00e5r. Finn Poulsen er medlem af BESTSELLERs \u00f8verste bestyrelse og ejer selskabet BESTSELLER Retail Europe A\/S i partnerskab med Anders Holch Povlsen.<\/p>\r\n<p class=\"xxmsonormal\">Fra 2008-2014 var Finn Poulsen medlem af DR\u2019s bestyrelse. Fra 2006-2014 har han v\u00e6ret Konservativ Folkepartis n\u00e6stformand. I dag er Finn Poulsen bestyrelsesformand i Carl-Henning Pedersen og Else Alfelts Museum samt Deep Forest Art Land\/Skovsnogen.<\/p>"},{"_type":"section","image":"","title":"","subtitle":"Johs. Poulsen, N\u00e6stformand","body":"Johs Poulsen er mange-\u00e5rigt medlem af byr\u00e5det i Herning Kommune, hvor han er formand for Kultur- og Fritidsudvalget. Johs Poulsen er derudover formand for Kultursamarbejdet Midt- og Vestjylland. Fra 2005-2011 var Johs Poulsen medlem af Folketinget."},{"_type":"section","image":"","title":"","subtitle":"Anders Kold","body":"Anders Kold er museumsinspekt\u00f8r og kurator p\u00e5 Kunstmuseet Louisiana, og gennem \u00e5rene har han kurateret en r\u00e6kke af museets store udstillinger. Anders Kold har et s\u00e6rligt fokus p\u00e5 samtidskunst og stod bag udstillingsserien Louisiana Contemporary med kunstnere som Ai Weiwei og Pipilotti Rist."},{"_type":"section","image":"","title":"","subtitle":"John K\u00f8rner","body":"John K\u00f8rner er billedkunstner og tilknyttet Galleri Bo Bjerggaard i K\u00f8benhavn og Victor Miro Gallery i London. John K\u00f8rner er desuden repr\u00e6senteret p\u00e5 en lang r\u00e6kke museer herunder Statens Museum for Kunst, Tate Gallery og The Saatchi Gallery i London. John K\u00f8rner har derudover bidraget med en lang r\u00e6kke offentlige udsmykninger, herunder Frederik 8.s Pal\u00e6 p\u00e5 Amalienborg."},{"_type":"section","image":"","title":"","subtitle":"Anne Marie Mau","body":"Anne Marie Mau er arkitekt og n\u00e6stformand i Dansk Wilton. Anne Marie Mau har gennem en \u00e5rr\u00e6kke v\u00e6ret drivkr\u00e6ft i en lang r\u00e6kke lokale projekter, senest arbejdet med at omdanne Herning H\u00f8jskole til et sted, der kan komme mange til gode og kan forenes med bygningens \u00e5nd og store arkitektoniske v\u00e6rdier."},{"_type":"section","image":"","title":"","subtitle":"Hanne Torp Brodersen","body":"Hanne Torp Brodersen er cand. mag i tysk og historie og har i en \u00e5rr\u00e6kke arbejdet som projekt- og kommunikationschef i F\u00e6rchfonden, hvor hun i en \u00e5rr\u00e6kke har arbejdet med en mangfoldighed af kulturprojekter i det nordvestjyske. I dag arbejder Hanne for fonden GreenLab Innovation Foundation, hvor hendes opgave bl.a. er f\u00e5 realiseret et Innovationscenter i den gr\u00f8nne industriklynge GreenLab.\r\n\r\nUdover at v\u00e6re med i bestyrelsen for Deep Forest Art Land er Hanne desuden n\u00e6stformand for det statsanerkendte Museum Salling, samt bestyrelsesformand for Rydhave Holding, der er ejer af Rydhave Slot i Vinderup."},{"_type":"section","image":"","title":"","subtitle":"S\u00f8ren Green","body":"S\u00f8ren Green er g\u00e5rdejer og tidligere gruppeformand for Venstre i Herning Byr\u00e5d. S\u00f8ren Green er gennem en mange-\u00e5rig indsat dybt forankret i det lokale kultur- og foreningsliv. S\u00f8ren Green sad i Herning Byr\u00e5d for Venstre i perioden 2006-2017."},{"_type":"section","image":"","title":"","subtitle":"Ren\u00e9 Schmidt","body":"Ren\u00e9 Schmidt er billedkunstner og co-founder af Deep Forest Art Land \u2013 Skovsnogen. Ren\u00e9 Schmidt har en lang r\u00e6kke skulpturer og installationer i det offentlige rum bag sig, herunder den kommende Metrolinje."}],"_links":{"self":[{"href":"https:\/\/www.deepforestartland.dk\/de\/wp-json\/wp\/v2\/pages\/3400","targetHints":{"allow":["GET"]}}],"collection":[{"href":"https:\/\/www.deepforestartland.dk\/de\/wp-json\/wp\/v2\/pages"}],"about":[{"href":"https:\/\/www.deepforestartland.dk\/de\/wp-json\/wp\/v2\/types\/page"}],"author":[{"embeddable":true,"href":"https:\/\/www.deepforestartland.dk\/de\/wp-json\/wp\/v2\/users\/6"}],"replies":[{"embeddable":true,"href":"https:\/\/www.deepforestartland.dk\/de\/wp-json\/wp\/v2\/comments?post=3400"}],"version-history":[{"count":3,"href":"https:\/\/www.deepforestartland.dk\/de\/wp-json\/wp\/v2\/pages\/3400\/revisions"}],"predecessor-version":[{"id":4798,"href":"https:\/\/www.deepforestartland.dk\/de\/wp-json\/wp\/v2\/pages\/3400\/revisions\/4798"}],"up":[{"embeddable":true,"href":"https:\/\/www.deepforestartland.dk\/de\/wp-json\/wp\/v2\/pages\/3439"}],"wp:attachment":[{"href":"https:\/\/www.deepforestartland.dk\/de\/wp-json\/wp\/v2\/media?parent=3400"}],"curies":[{"name":"wp","href":"https:\/\/api.w.org\/{rel}","templated":true}]}}