{"id":3437,"date":"2019-10-07T09:45:12","date_gmt":"2019-10-07T07:45:12","guid":{"rendered":"https:\/\/www.deepforestartland.dk\/besoeg\/"},"modified":"2025-06-03T08:07:45","modified_gmt":"2025-06-03T06:07:45","slug":"besoeg","status":"publish","type":"page","link":"https:\/\/www.deepforestartland.dk\/de\/besoeg\/","title":{"rendered":"Besuch"},"content":{"rendered":"","protected":false},"excerpt":{"rendered":"","protected":false},"author":2,"featured_media":0,"parent":0,"menu_order":9,"comment_status":"closed","ping_status":"closed","template":"views\/template-modules.blade.php","meta":{"footnotes":""},"class_list":["post-3437","page","type-page","status-publish","hentry"],"app_templates_home_page_top_banner_image":"","app_templates_home_page_top_banner_animate":false,"app_templates_home_page_top_banner_body":"","app_templates_home_page_top_banner_link":{"value":"","url":"","anchor":"","blank":0},"app_templates_home_page_top_banner_circles":[],"app_templates_home_page_top_banner_circle_size":"sm","app_templates_home_page_featured_features":[],"app_templates_home_page_calendar_events":[],"app_templates_home_page_calendar_order_by":"date","app_templates_home_page_highlighted_artwork_artwork":[],"app_templates_modules_top_banner_title":"Besuch","app_templates_modules_top_banner_image":"500","app_templates_modules_top_banner_bg_size":"bg-contain","app_templates_modules_top_banner_hide_scroll":false,"app_templates_modules_top_banner_dark_text":true,"app_templates_modules_top_banner_show_company_about":false,"app_templates_modules_top_banner_overlay":false,"app_templates_modules_modules_modules":[{"_type":"content_center","title":"Praktische Informationen","body":"<strong>\u00d4FFNUNGSZEITEN<\/strong>\r\n\r\nAn allen Tagen von 10.00-17.00\r\n\r\n&nbsp;\r\n\r\n<strong>EINTRITT<\/strong>\r\n<strong>Privatpersonen:<\/strong> Freiwillige Geb\u00fchr vom 20,00 DKK (rund 3 EURO) pro Person. Es besteht die M\u00f6glichkeit der Barzahlung oder die Zahlung per MobilePay 176611.\r\n\r\n<strong>Organisierte Gruppen, Firmen und Schulen: <\/strong>Schreiben Sie an info@deepforestartland.dk.\r\n\r\n&nbsp;\r\n\r\n<strong>F\u00dcHRUNGEN<\/strong>\r\nWir bieten ganzj\u00e4hrig F\u00fchrungen an. <a href=\"https:\/\/www.deepforestartland.dk\/de\/besoeg\/guidede-ture\/\"><strong>Lesen Sie hier mehr dazu.<\/strong><\/a>\r\n\r\n&nbsp;\r\n\r\n<strong>PARKEN\r\n<\/strong>Sdr. Omme vej, 6933 Kib\u00e6k <a href=\"https:\/\/goo.gl\/maps\/X9sdgnBYr5oicM6o8\" target=\"_blank\" rel=\"noopener\"><strong>(siehe Karte hier)<\/strong><\/a>\r\n\r\n&nbsp;\r\n\r\n<strong>DAUER DER ROUTEN\r\n<\/strong>Die Route ist ca. 3,5 km lang. Kalkulieren sie ca. 2 Std. f\u00fcr Ihren Besuch.\r\nDie Route kann in entweder Nord- oder S\u00fcdwald aufgeteilt werden.\r\n\r\nKarten gibt es beim Parkplatz, <a href=\"\/app\/uploads\/2020\/07\/112938_folder_1-2_deep-forest_LO9550.pdf\"><strong>Sie k\u00f6nnen sie auch hier sehen.<\/strong><\/a>\r\n\r\n&nbsp;\r\n\r\n<strong>ACHTUNG!<\/strong>\r\nPassen Sie auf Ihre Kinder auf - der Besuch und das Spielen erfolgen auf eigene Gefahr.\r\n\r\n&nbsp;\r\n\r\n<strong>K\u00d6PERLICH BEHINDERT<\/strong>\r\nBeachten Sie, dass der n\u00f6rdliche Teil des Waldes stellenweise h\u00fcgelig ist. Nach l\u00e4ngeren Regenperioden k\u00f6nnen einige Wege matschig werden. F\u00fcr k\u00f6rperlich Behinderte empfehlen wir den s\u00fcdlichen Teil des Waldes mit Zugang von P2.\r\n\r\n&nbsp;\r\n\r\n<strong>TOILETTEN<\/strong>\r\nBei P1 gibt es eine Komposttoilette und bei P2 zwei Komposttoiletten.\r\n\r\n&nbsp;\r\n\r\n<strong>HUNDE<\/strong>\r\nHunde sind willkommen, m\u00fcssen aber an der Leine gef\u00fchrt werden. Denken Sie an Kotbeutel.\r\n\r\n&nbsp;\r\n\r\n<strong>ESSEN<\/strong>\r\nLunchpakete sind willkommen und k\u00f6nnen an mehreren Stellen im Wald genossen werden \u2013 sowohl auf B\u00e4nken als auch auf Ihrer eigenen Picknickdecke. Wir empfehlen auch Skarrild Hus (3,5 km) und Sdr. Omme Kro (10 km).\r\n<div><\/div>\r\n<div>Es ist m\u00f6glich, Essen, Grillen und mehr im Zusammenhang mit F\u00fchrungen oder ma\u00dfgeschneiderten Veranstaltungen zu arrangieren.<\/div>\r\n&nbsp;\r\n\r\n<strong>UNTERKUNFT<\/strong>\r\nM\u00f6chten Sie auf eine neue und andere Weise in der Natur \u00fcbernachten? Buchen Sie eine Nacht in unserer Shelter <em>Produzione<\/em> von John K\u00f8rner. Die Shelter bietet Platz f\u00fcr 3 Erwachsene.\r\n<div>Der Aufenthalt in der Shelter kostet 25 DKK inklusive Brennholz. Buchen Sie Ihren Aufenthalt, indem Sie eine E-Mail an info@deepforestartland.dk mit der Anzahl der G\u00e4ste, dem Ankunftsdatum, dem Zeitraum und den Kontaktinformationen senden.<\/div>\r\n<div><\/div>\r\n<div>Wenn die Shelter gebucht ist, empfehlen wir Skarrild Hus (3,5 km), Skarrild Kanoplads (6,5 km), H\u00f8jkilde Bed &amp; Breakfast (6,5 km) oder Sdr. Omme Kro (10 km). Der Aufenthalt im Zelt oder Wohnmobil ist nicht gestattet.<\/div>"},{"_type":"columns","valign":"start","column_left":[{"_type":"content_center","title":"ANREISE","body":"Deep Forest Art Land\r\nSdr. Ommevej, 6933 Kib\u00e6k, D\u00e4nemark\r\n\r\nAUTO\r\nParkplatz f\u00fcr Autos von Sdr. Ommevej (P2), 200 Meter s\u00fcdlich von D\u00f8vlingvej, f\u00fcr Privatpersonen."}],"column_right":[{"_type":"image","image":"3482","image_align":"center","image_size":"big","caption":"","mobile_no_edges":false}]}],"_links":{"self":[{"href":"https:\/\/www.deepforestartland.dk\/de\/wp-json\/wp\/v2\/pages\/3437","targetHints":{"allow":["GET"]}}],"collection":[{"href":"https:\/\/www.deepforestartland.dk\/de\/wp-json\/wp\/v2\/pages"}],"about":[{"href":"https:\/\/www.deepforestartland.dk\/de\/wp-json\/wp\/v2\/types\/page"}],"author":[{"embeddable":true,"href":"https:\/\/www.deepforestartland.dk\/de\/wp-json\/wp\/v2\/users\/2"}],"replies":[{"embeddable":true,"href":"https:\/\/www.deepforestartland.dk\/de\/wp-json\/wp\/v2\/comments?post=3437"}],"version-history":[{"count":13,"href":"https:\/\/www.deepforestartland.dk\/de\/wp-json\/wp\/v2\/pages\/3437\/revisions"}],"predecessor-version":[{"id":5592,"href":"https:\/\/www.deepforestartland.dk\/de\/wp-json\/wp\/v2\/pages\/3437\/revisions\/5592"}],"wp:attachment":[{"href":"https:\/\/www.deepforestartland.dk\/de\/wp-json\/wp\/v2\/media?parent=3437"}],"curies":[{"name":"wp","href":"https:\/\/api.w.org\/{rel}","templated":true}]}}