{"id":3439,"date":"2019-10-07T09:45:02","date_gmt":"2019-10-07T07:45:02","guid":{"rendered":"https:\/\/www.deepforestartland.dk\/om\/"},"modified":"2024-07-21T12:07:56","modified_gmt":"2024-07-21T10:07:56","slug":"om","status":"publish","type":"page","link":"https:\/\/www.deepforestartland.dk\/de\/om\/","title":{"rendered":"\u00dcber"},"content":{"rendered":"","protected":false},"excerpt":{"rendered":"","protected":false},"author":2,"featured_media":0,"parent":0,"menu_order":8,"comment_status":"closed","ping_status":"closed","template":"views\/template-modules.blade.php","meta":{"footnotes":""},"class_list":["post-3439","page","type-page","status-publish","hentry"],"app_templates_home_page_top_banner_image":"","app_templates_home_page_top_banner_animate":false,"app_templates_home_page_top_banner_body":"","app_templates_home_page_top_banner_link":{"value":"","url":"","anchor":"","blank":0},"app_templates_home_page_top_banner_circles":[],"app_templates_home_page_top_banner_circle_size":"sm","app_templates_home_page_featured_features":[],"app_templates_home_page_calendar_events":[],"app_templates_home_page_calendar_order_by":"date","app_templates_home_page_highlighted_artwork_artwork":[],"app_templates_modules_top_banner_title":"\u00dcber","app_templates_modules_top_banner_image":"61","app_templates_modules_top_banner_bg_size":"bg-cover","app_templates_modules_top_banner_hide_scroll":false,"app_templates_modules_top_banner_dark_text":false,"app_templates_modules_top_banner_show_company_about":false,"app_templates_modules_top_banner_overlay":true,"app_templates_modules_modules_modules":[{"_type":"columns","valign":"start","column_left":[{"_type":"content","title":"Deep Forest Art Land = Familie + Natur + Moderne Kunst","body":""}],"column_right":[{"_type":"image","image":"3744","image_align":"start","image_size":"big","caption":"'Gefallener Mond' von Peter Land","mobile_no_edges":false}]},{"_type":"columns","valign":"start","column_left":[{"_type":"image","image":"1936","image_align":"start","image_size":"big","caption":"","mobile_no_edges":false},{"_type":"image","image":"1715","image_align":"start","image_size":"big","caption":"","mobile_no_edges":false}],"column_right":[{"_type":"content","title":"Familie","body":"Deep Forest Art Land vereint mehrere Dinge, die Familien heute suchen. Wir sind eine Wanderung, ein sozialer Treffpunkt, ein neues Erlebnis, eine M\u00f6glichkeit, sich geistig zu entspannen \u2013 <strong>und das bieten wir der ganzen Familie.<\/strong>\r\n\r\nGleichzeitig bringt die Kunst ein neues Element ein, das wirklich einzigartige Gespr\u00e4che erm\u00f6glicht \u2013 ohne richtige Antwort und ohne Anforderungen. Die Kombination aus zeitgen\u00f6ssischer Kunst und Natur l\u00f6st die Grenze zwischen Kindern und Erwachsenen auf. Hier kann jeder seine eigene einzigartige Perspektive einbringen, wir sind alle gleich weise und wir sind alle gut vorbereitet.\r\n\r\nUnd wenn wir den Wald wieder verlassen, haben wir neue Erfahrungen gemacht und neue Gespr\u00e4chsthemen kennengelernt. Ein Ausflug ins Deep Forest Art Land bietet eine Auszeit vom Alltag und bringt uns als Familie zusammen lie."}]},{"_type":"columns","valign":"start","column_left":[{"_type":"content","title":"Natur","body":"Im Deep Forest Art Land finden Sie eine einzigartige und abwechslungsreiche Natur \u2013 vom dunklen und mystischen Nadelwald bis zu den hellgr\u00fcnen Buchen, von der h\u00fcgeligen Gletscherlandschaft bis zur Wiese mit ihrer bl\u00fchenden Vielfalt und dem pl\u00e4tschernden Bach.\r\n\r\nHier erleben Sie sowohl eine kultivierte Landschaft als auch wilde Natur. Hier darf das Sch\u00f6ne mit dem H\u00e4sslichen koexistieren; umgest\u00fcrzte B\u00e4ume bleiben dort, wo sie fallen, und Artenvielfalt in allen Formen und Gr\u00f6\u00dfen erh\u00e4lt Raum zum Gedeihen."}],"column_right":[{"_type":"image","image":"2592","image_align":"start","image_size":"big","caption":"'Sospiro' von Thomas Wolsing","mobile_no_edges":false}]},{"_type":"columns","valign":"start","column_left":[{"_type":"image","image":"4568","image_align":"start","image_size":"big","caption":"","mobile_no_edges":false},{"_type":"image","image":"1454","image_align":"start","image_size":"big","caption":"'Altar in the Woods' von Ole Tersl\u00f8se","mobile_no_edges":false}],"column_right":[{"_type":"content","title":"Moderne Kunst","body":"Im Deep Forest Art Land wird moderne Kunst direkt in der Natur ausgestellt. Hier haben K\u00fcnstler die M\u00f6glichkeit, ihre Werke vor Ort und f\u00fcr den Ort zu schaffen \u2013 und bringen damit etwas v\u00f6llig Neues in die d\u00e4nische moderne Kunstszene.\r\n\r\nEs ist ein Raum, der an die Skulpturenparks erinnert, die man in anderen L\u00e4ndern erleben kann. Hier stehen die Werke jedoch nicht in gepflegten G\u00e4rten, sondern frei in der Wildnis. Sie werden nicht durch komplizierte Erkl\u00e4rungen oder lange Ausstellungen verstanden, sondern durch ein Zusammenspiel zwischen der Natur und unseren eigenen Erfahrungen, Begegnungen und pers\u00f6nlichen Bez\u00fcgen.\r\n\r\nK\u00fcnstler sind eingeladen, ihre \u00fcbliche Praxis in eine ungewohnte Umgebung zu bringen, und Besucher haben die M\u00f6glichkeit, Kunst beim Entstehen zu erleben. Sie sind in den Prozess involviert, was erfordert, dass sich auch der K\u00fcnstler mit ihnen auseinandersetzt. Der Ort, die Natur und die Menschen spielen im k\u00fcnstlerischen Prozess eine entscheidende Rolle. Die Arbeit ist daher nicht nur ortsspezifisch. Sie wird situationsspezifisch, naturspezifisch und menschenspezifisch."}]},{"_type":"columns","valign":"start","column_left":[{"_type":"image","image":"852","image_align":"start","image_size":"big","caption":"\u2018Cabin in the Woods\u2019 von Anna Bak","mobile_no_edges":false},{"_type":"image","image":"2525","image_align":"start","image_size":"big","caption":"\u2018Giant Beetle\u2019 von Rene Schmidt","mobile_no_edges":false}],"column_right":[{"_type":"content","title":"Die Geschichte hinter Deep Forest Art Land","body":"Deep Forest Art Land wurde 2010 von den bildenden K\u00fcnstlern Ren\u00e9 Schmidt und S\u00f8ren Taaning unter dem Namen Skovsnogen gegr\u00fcndet.\r\n\r\nEs begann als ein Entwicklungsprojekt f\u00fcr Friluftsr\u00e5et, Lokale og Anl\u00e6gsfonden und weitere, wie auch das Konzept \u201eNaturraum\u201c. Das Projekt handelte unter anderem darum neue, der Natur zugewandte Gruppen in der Gesellschaft zu schaffen, die es normalerweise nicht in die Natur dr\u00e4ngt.\r\n\r\nEs zeigte sich schnell, dass dieses Projekt ein enormes Potential hatte, nicht zuletzt Anhand der Anzahl der Benutzer. Wir freuen uns heute \u00fcber mehr 25.000 Besuchern j\u00e4hrlich.\r\n\r\nDeep Forest Art Land wurde auf B\u00fcrgerebene und als privat-\u00f6ffentliche Partnerschaft ins Leben gerufen.\r\n\r\nVon Anbeginn waren wir durch eine enge Partnerschaft in Bezug auf den operativen Betrieb mit der umliegenden Region fest verankert. Die Partnerschaft besteht aus der lokalen Gesch\u00e4ftswelt, den Verb\u00e4nden und nicht zuletzt freiwilligen Helfern in Karstoft und Skarrild. Die B\u00fcrgerverb\u00e4nde stellen unter anderem Arbeitskr\u00e4fte im Zusammenhang mit Aktivit\u00e4ten zur Verf\u00fcgung. Im Gegenzug nutzen lokale Gemeinschaften Deep Forest Art Land, um ihre St\u00e4dte sowohl auf dem Ortsschild als auch im Internet zu bewerben.\r\n\r\nIm Jahr 2016 wurde Deep Forest Art Land eine selbstverwaltete Institution als auch eine Kulturinstitution der Gemeinde Herning. Im selben Jahr stellte die Bikuben-Stiftung Mittel f\u00fcr ein vierj\u00e4hriges Entwicklungsprojekt bereit, mit dem die Arbeit mit jungen k\u00fcnstlerischen Talenten weiterentwickelt als auch das soziale Potential gef\u00f6rdert werden konnte."}]}],"_links":{"self":[{"href":"https:\/\/www.deepforestartland.dk\/de\/wp-json\/wp\/v2\/pages\/3439","targetHints":{"allow":["GET"]}}],"collection":[{"href":"https:\/\/www.deepforestartland.dk\/de\/wp-json\/wp\/v2\/pages"}],"about":[{"href":"https:\/\/www.deepforestartland.dk\/de\/wp-json\/wp\/v2\/types\/page"}],"author":[{"embeddable":true,"href":"https:\/\/www.deepforestartland.dk\/de\/wp-json\/wp\/v2\/users\/2"}],"replies":[{"embeddable":true,"href":"https:\/\/www.deepforestartland.dk\/de\/wp-json\/wp\/v2\/comments?post=3439"}],"version-history":[{"count":5,"href":"https:\/\/www.deepforestartland.dk\/de\/wp-json\/wp\/v2\/pages\/3439\/revisions"}],"predecessor-version":[{"id":4697,"href":"https:\/\/www.deepforestartland.dk\/de\/wp-json\/wp\/v2\/pages\/3439\/revisions\/4697"}],"wp:attachment":[{"href":"https:\/\/www.deepforestartland.dk\/de\/wp-json\/wp\/v2\/media?parent=3439"}],"curies":[{"name":"wp","href":"https:\/\/api.w.org\/{rel}","templated":true}]}}