{"id":2366,"date":"2020-01-14T15:19:43","date_gmt":"2020-01-14T14:19:43","guid":{"rendered":"https:\/\/www.deepforestartland.dk\/about\/teamet-bestyrelsen-og-partnere\/"},"modified":"2024-01-10T10:17:19","modified_gmt":"2024-01-10T09:17:19","slug":"the-team-board-and-partnerships","status":"publish","type":"page","link":"https:\/\/www.deepforestartland.dk\/en\/about\/the-team-board-and-partnerships\/","title":{"rendered":"The team, board and partnerships"},"content":{"rendered":"","protected":false},"excerpt":{"rendered":"","protected":false},"author":6,"featured_media":0,"parent":198,"menu_order":6,"comment_status":"closed","ping_status":"closed","template":"views\/template-modules.blade.php","meta":{"footnotes":""},"class_list":["post-2366","page","type-page","status-publish","hentry"],"app_templates_home_page_top_banner_image":"","app_templates_home_page_top_banner_animate":false,"app_templates_home_page_top_banner_body":"","app_templates_home_page_top_banner_link":{"value":"","url":"","anchor":"","blank":0},"app_templates_home_page_top_banner_circles":[],"app_templates_home_page_top_banner_circle_size":"sm","app_templates_home_page_featured_features":[],"app_templates_home_page_calendar_events":[],"app_templates_home_page_calendar_order_by":"date","app_templates_home_page_highlighted_artwork_artwork":[],"app_templates_modules_top_banner_title":"The team, board and partnerships","app_templates_modules_top_banner_image":"66","app_templates_modules_top_banner_bg_size":"bg-cover","app_templates_modules_top_banner_hide_scroll":false,"app_templates_modules_top_banner_dark_text":false,"app_templates_modules_top_banner_show_company_about":false,"app_templates_modules_top_banner_overlay":false,"app_templates_modules_modules_modules":[{"_type":"content_center","title":"Organisationen","body":"<strong>Kristina Thormod Taaning, day-to-day manager<\/strong>\r\n\r\n<a href=\"mailto:kristina@deepforestartland.dk\">kristina@deepforestartland.dk<\/a>\r\n\r\n+45 7179 0911\r\n\r\n<strong>Ren\u00e9 Schmidt, artistic direction<\/strong>\r\n\r\nrene@deepforestartland.dk\r\n\r\n45+ 5189 5471\r\n\r\n<strong>S\u00f8ren Taaning, artistic direction<\/strong>\r\n\r\n<a href=\"mailto:soren@deepforestartland.dk\">soren@deepforestartland.dk<\/a>\r\n\r\n+45 3025 8658\r\n\r\n<strong>Aksel Kror, production and development<\/strong>\r\n\r\n<a href=\"mailto:info@deepforestartland.dk\">info@deepforestartland.dk<\/a>\r\n\r\n<strong>J\u00f8rn Lindhardtsen, production and development<\/strong>\r\n\r\n<a href=\"mailto:info@deepforestartland.dk\">info@deepforestartland.dk<\/a>"},{"_type":"section","image":"","title":"Board","subtitle":"Finn Poulsen, \r\nChairman","body":"Finn Poulsen has been a part of the top management of the BESTSELLER group since 1985, and has been group chief executive of the company for 20 years. Finn Poulsen is a member of BESTSELLER's board of directions and owns the company\u00a0BESTSELLER Retail Europe A\/S together with Anders Holch Povlsen.\r\n\r\nFrom 2008-2014, Finn Poulsen was a member of the board of Danish Radio (DR). From 2006-2014, he was deputy chairman of The Conservative People's Party- Today, Finn Poulsen is chairman of the board of Carl-Henning Pedersen and Else Alfelt's Museum as well as Deep Forest Art Land\/\/Skovsnogen."},{"_type":"section","image":"","title":"","subtitle":"Johs. Poulsen, \r\nDeputy chairman","body":"Johs Poulsen is long-time member of the City Council in Herning Municipality, where he chairs the Culture and Leisure Administration. In addition to that, he is chairman for the Cultural Collaboration in Middle and Central Jutland. From 2005-2011, Johs. Poulsen was a member of the Danish Parliament."},{"_type":"section","image":"","title":"","subtitle":"Anders Kold","body":"Anders Kold is curator at Museum of Modern Art Louisiana, and throughout the years, he has curated a number of large exhibitions. Anders Kold's focus is on contemporary art and was behind the exhibition series\u00a0Louisiana Contemporary with artists such as Ai Weiwei and Pipilotti Rist."},{"_type":"section","image":"","title":"","subtitle":"John K\u00f8rner","body":"John K\u00f8rner is a visual artist, attached to Galleri Bo Bjerggaard in Copenhagen and Victor Miro Gallery in London. In addition to this, he is represented at a number of museums, such as the National Gallery of Denmark, Tate Gallery and The Saatchi Gallery in London. Futhermore, John K\u00f8rner has carried out multiple decorating commisions, including a mural to Frederik VIII's Palace on Amalienborg."},{"_type":"section","image":"","title":"","subtitle":"Anne Marie Mau","body":"Anne Marie Mau is an architect and vice chairman in Danish Wilton. In addition to this, she has been the driving force behind a number of local project. Recently, she worked to convert Herning Folk High School to a place that will benefit the local community while keeping the spirit and architectual values of the building intact."},{"_type":"section","image":"","title":"","subtitle":"Hanne Torp Brodersen","body":"Hanne Torp Brodersen is a member of the board in Deep Forest Art Land."},{"_type":"section","image":"","title":"","subtitle":"S\u00f8ren Green","body":"S\u00f8ren Green is a farm owner and former chairman of Venstre in Herning City Council. After many years of work, S\u00f8ren Green is deeply rooted in local cultural- and association activites. He was a member of Herning City Council for Venstre from 2006-2017."},{"_type":"section","image":"","title":"","subtitle":"Ren\u00e9 Schmidt","body":"Ren\u00e9 Schmidt is a visual artist and co-founder of Deep Forest Art Land. He has contributed with multiple public sculptures and installations, among these the future metro station in Copenhagen."}],"_links":{"self":[{"href":"https:\/\/www.deepforestartland.dk\/en\/wp-json\/wp\/v2\/pages\/2366","targetHints":{"allow":["GET"]}}],"collection":[{"href":"https:\/\/www.deepforestartland.dk\/en\/wp-json\/wp\/v2\/pages"}],"about":[{"href":"https:\/\/www.deepforestartland.dk\/en\/wp-json\/wp\/v2\/types\/page"}],"author":[{"embeddable":true,"href":"https:\/\/www.deepforestartland.dk\/en\/wp-json\/wp\/v2\/users\/6"}],"replies":[{"embeddable":true,"href":"https:\/\/www.deepforestartland.dk\/en\/wp-json\/wp\/v2\/comments?post=2366"}],"version-history":[{"count":5,"href":"https:\/\/www.deepforestartland.dk\/en\/wp-json\/wp\/v2\/pages\/2366\/revisions"}],"predecessor-version":[{"id":4351,"href":"https:\/\/www.deepforestartland.dk\/en\/wp-json\/wp\/v2\/pages\/2366\/revisions\/4351"}],"up":[{"embeddable":true,"href":"https:\/\/www.deepforestartland.dk\/en\/wp-json\/wp\/v2\/pages\/198"}],"wp:attachment":[{"href":"https:\/\/www.deepforestartland.dk\/en\/wp-json\/wp\/v2\/media?parent=2366"}],"curies":[{"name":"wp","href":"https:\/\/api.w.org\/{rel}","templated":true}]}}