{"id":2678,"date":"2020-05-26T11:32:02","date_gmt":"2020-05-26T09:32:02","guid":{"rendered":"https:\/\/www.deepforestartland.dk\/visit\/the-local-area\/skarrildhus\/"},"modified":"2020-05-26T11:44:14","modified_gmt":"2020-05-26T09:44:14","slug":"skarrildhus","status":"publish","type":"page","link":"https:\/\/www.deepforestartland.dk\/en\/visit\/the-local-area\/skarrildhus\/","title":{"rendered":"Skarrildhus"},"content":{"rendered":"","protected":false},"excerpt":{"rendered":"","protected":false},"author":6,"featured_media":0,"parent":2374,"menu_order":10,"comment_status":"closed","ping_status":"closed","template":"views\/template-modules.blade.php","meta":{"footnotes":""},"class_list":["post-2678","page","type-page","status-publish","hentry"],"app_templates_home_page_top_banner_image":"","app_templates_home_page_top_banner_animate":false,"app_templates_home_page_top_banner_body":"","app_templates_home_page_top_banner_link":{"value":"","url":"","anchor":"","blank":0},"app_templates_home_page_top_banner_circles":[],"app_templates_home_page_top_banner_circle_size":"sm","app_templates_home_page_featured_features":[],"app_templates_home_page_calendar_events":[],"app_templates_home_page_calendar_order_by":"date","app_templates_home_page_highlighted_artwork_artwork":[],"app_templates_modules_top_banner_title":"Skarrildhus","app_templates_modules_top_banner_image":"2671","app_templates_modules_top_banner_bg_size":"bg-cover","app_templates_modules_top_banner_hide_scroll":false,"app_templates_modules_top_banner_dark_text":true,"app_templates_modules_top_banner_show_company_about":false,"app_templates_modules_top_banner_overlay":false,"app_templates_modules_modules_modules":[{"_type":"columns","valign":"start","column_left":[{"_type":"content_center","title":"Oplev den fantastisk stemning, f\u00e5 et l\u00e6kkert m\u00e5ltid eller overnat p\u00e5 Skarrildhus - kun 5 minutter fra Deep Forest Art Land!","body":"Skarrildhus Sinatur Hotel &amp; Conference Center is surrounded by forest, park, meadows, rivers and creeks in the middle of the moors of Jutland, near Kib\u00e6k.\r\n\r\nHere, you can spend a night in cosy rooms and enjoy delicious meals in the restaurants, where the chefs cook with local and organic ingredients. Skarrildhus has The Organic Cuisine Label in silver, maning 60-90% of ingredients and drinks are organic.\r\n\r\nRead more about Skarrildhus and book your stay here: <a href=\"https:\/\/www.sinatur-hotels.com\/skarrildhus\/\">https:\/\/www.sinatur-hotels.com\/skarrildhus\/<\/a>"}],"column_right":[{"_type":"image","image":"2669","image_align":"start","image_size":"big","caption":"","mobile_no_edges":false}]},{"_type":"columns","valign":"start","column_left":[{"_type":"image","image":"2667","image_align":"start","image_size":"big","caption":"","mobile_no_edges":false}],"column_right":[{"_type":"image","image":"2665","image_align":"start","image_size":"big","caption":"","mobile_no_edges":false},{"_type":"image","image":"2673","image_align":"start","image_size":"big","caption":"","mobile_no_edges":false}]}],"_links":{"self":[{"href":"https:\/\/www.deepforestartland.dk\/en\/wp-json\/wp\/v2\/pages\/2678","targetHints":{"allow":["GET"]}}],"collection":[{"href":"https:\/\/www.deepforestartland.dk\/en\/wp-json\/wp\/v2\/pages"}],"about":[{"href":"https:\/\/www.deepforestartland.dk\/en\/wp-json\/wp\/v2\/types\/page"}],"author":[{"embeddable":true,"href":"https:\/\/www.deepforestartland.dk\/en\/wp-json\/wp\/v2\/users\/6"}],"replies":[{"embeddable":true,"href":"https:\/\/www.deepforestartland.dk\/en\/wp-json\/wp\/v2\/comments?post=2678"}],"version-history":[{"count":3,"href":"https:\/\/www.deepforestartland.dk\/en\/wp-json\/wp\/v2\/pages\/2678\/revisions"}],"predecessor-version":[{"id":2683,"href":"https:\/\/www.deepforestartland.dk\/en\/wp-json\/wp\/v2\/pages\/2678\/revisions\/2683"}],"up":[{"embeddable":true,"href":"https:\/\/www.deepforestartland.dk\/en\/wp-json\/wp\/v2\/pages\/2374"}],"wp:attachment":[{"href":"https:\/\/www.deepforestartland.dk\/en\/wp-json\/wp\/v2\/media?parent=2678"}],"curies":[{"name":"wp","href":"https:\/\/api.w.org\/{rel}","templated":true}]}}