{"id":2758,"date":"2020-03-09T16:04:29","date_gmt":"2020-03-09T15:04:29","guid":{"rendered":"https:\/\/www.deepforestartland.dk\/skulpturkirkegaarden\/"},"modified":"2020-06-11T16:11:33","modified_gmt":"2020-06-11T14:11:33","slug":"sculpture-graveyard","status":"publish","type":"page","link":"https:\/\/www.deepforestartland.dk\/en\/sculpture-graveyard\/","title":{"rendered":"Sculpture Graveyard"},"content":{"rendered":"","protected":false},"excerpt":{"rendered":"","protected":false},"author":6,"featured_media":0,"parent":0,"menu_order":5,"comment_status":"closed","ping_status":"closed","template":"views\/template-modules.blade.php","meta":{"footnotes":""},"class_list":["post-2758","page","type-page","status-publish","hentry"],"app_templates_home_page_top_banner_image":"","app_templates_home_page_top_banner_animate":false,"app_templates_home_page_top_banner_body":"","app_templates_home_page_top_banner_link":{"value":"","url":"","anchor":"","blank":0},"app_templates_home_page_top_banner_circles":[],"app_templates_home_page_top_banner_circle_size":"sm","app_templates_home_page_featured_features":[],"app_templates_home_page_calendar_events":[],"app_templates_home_page_calendar_order_by":"date","app_templates_home_page_highlighted_artwork_artwork":[],"app_templates_modules_top_banner_title":"Sculpture Graveyard","app_templates_modules_top_banner_image":"2501","app_templates_modules_top_banner_bg_size":"bg-cover","app_templates_modules_top_banner_hide_scroll":false,"app_templates_modules_top_banner_dark_text":false,"app_templates_modules_top_banner_show_company_about":false,"app_templates_modules_top_banner_overlay":false,"app_templates_modules_modules_modules":[{"_type":"columns","valign":"start","column_left":[{"_type":"content","title":"The Sculpture Graveyard is a special fenced area of Deep Forest Art Land. Here sculptures that have served their original purpose can be moved to decay and eventually to become one with nature. In time, it will serve as a catalogue over all the art which was originally located in both Deep Forest Art Land and in other places. ","body":"The Sculpture Graveyard is also Deep Forest Art Land\u2019s version of the overgrown, romantic garden like the ones in the abandoned graveyards of England, for example Highgate Cemetery which is placed on a hill with a view over London. This graveyard was established by a private firm during the cholera pandemic of the 1820s. It was but 1 of 8 new competing graveyards or \u201cgarden cemeteries\u201d. Here, a lot was done to attract famous and wealthy clients. For example, they built egyptian temples, catacombs etc. They wanted to earn money by making the graveyard a place for excursions. And it worked! Soon, they had to demolish one path after another to make place for graves. In the 20th century, when the private graveyards went bankrupt, the cemeteries went into decay and became overgrown. In the 1960s, Highate Cemetery was taken over by volunteers (the Friends of Highgate Cemetery Trust) who valued these unique places in the middle of the city."}],"column_right":[{"_type":"image","image":"47","image_align":"start","image_size":"big","caption":"","mobile_no_edges":false},{"_type":"image","image":"676","image_align":"start","image_size":"big","caption":"","mobile_no_edges":false}]},{"_type":"columns","valign":"start","column_left":[{"_type":"image","image":"2431","image_align":"start","image_size":"big","caption":"","mobile_no_edges":false},{"_type":"content","title":"Vi bygger ruiner, men hvad indeholder fremtiden for Skulpturkirkeg\u00e5rden? ","body":"Placeringen af kirkeg\u00e5rden blev valgt, da der var rester af et hegn, der i sin tid blev sat op for at beskytte nyplantede tr\u00e6er mod r\u00e5dyrenes glubende appetit. Hegn, stier og beplantning skal op p\u00e5 et stadie, s\u00e5 man f\u00e5r fornemmelse af, at her har v\u00e6ret en kirkeg\u00e5rd, men der er lang vej endnu. Det er et omfattende projekt at bygge et forfald - at bygge en ruin. Men vi tager en dag ad gangen og ser positivt p\u00e5 fremtiden."}],"column_right":[{"_type":"content","title":"Artworks given by professional artists from all over the world.","body":"The Sculpture Graveyard contains artworks given by professional artists from from far and wide. And new ones arrived continually. In our first invitation to the Sculpture Graveyard, we wrote:\r\n<ul>\r\n \t<li>Do you have sculpture ready for its last journey?<\/li>\r\n \t<li>A sculpture which has never been shown?<\/li>\r\n \t<li>One which was never finished?<\/li>\r\n \t<li>An object that maybe did not live up to your expectations?<\/li>\r\n \t<li>Do you lack space?<\/li>\r\n<\/ul>\r\nThank you very much to the generous givers\/artists without whom this project would\u2019ve never happened. We build ruins for the future out of sculptures and artworks \u2013 artworks which have all been on a journey throughout the country, and which have seen people in many different situations, but which were maybe not entirely appreciated at that time, and that takes courage. Thank you."},{"_type":"image","image":"2503","image_align":"start","image_size":"big","caption":"","mobile_no_edges":false}]},{"_type":"columns","valign":"start","column_left":[{"_type":"image","image":"775","image_align":"start","image_size":"big","caption":"","mobile_no_edges":false},{"_type":"image","image":"823","image_align":"start","image_size":"big","caption":"","mobile_no_edges":false}],"column_right":[{"_type":"content","title":"Do you want to volunteer and help with the constructions of the Sculpture Graveyard? Become a friend of the Sculpture Graveyard!","body":"In time, we hope that the Sculpture Graveyard can also get some friends who can help with this ambitious project. The help can come in many shapes \u2013 here are a few examples:\r\n<ul>\r\n \t<li>Graveyard decoration, old park benches, granite ashlar, elements of cast iron etc.<\/li>\r\n \t<li>Planting \u2013 maybe you have green fingers.<\/li>\r\n \t<li>Trees and bushes which will fit in.<\/li>\r\n \t<li>Mason, carpenter, smith who wants to help create a mood, or who has for example old bricks lying around.<\/li>\r\n<\/ul>\r\nSend us a message about large and small, and we\u2019ll take it from there. Have patience with the answer, as Deep Forest Art Land is largely based on the help of volunteers. You can contact us via <a href=\"mailto:skovsnogen@hotmail.com\">skovsnogen@hotmail.com<\/a> or read more about volunteering in Deep Forest Art Land <a href=\"https:\/\/www.deepforestartland.dk\/en\/about\/volunteer\/\">here.<\/a>"}]}],"_links":{"self":[{"href":"https:\/\/www.deepforestartland.dk\/en\/wp-json\/wp\/v2\/pages\/2758","targetHints":{"allow":["GET"]}}],"collection":[{"href":"https:\/\/www.deepforestartland.dk\/en\/wp-json\/wp\/v2\/pages"}],"about":[{"href":"https:\/\/www.deepforestartland.dk\/en\/wp-json\/wp\/v2\/types\/page"}],"author":[{"embeddable":true,"href":"https:\/\/www.deepforestartland.dk\/en\/wp-json\/wp\/v2\/users\/6"}],"replies":[{"embeddable":true,"href":"https:\/\/www.deepforestartland.dk\/en\/wp-json\/wp\/v2\/comments?post=2758"}],"version-history":[{"count":5,"href":"https:\/\/www.deepforestartland.dk\/en\/wp-json\/wp\/v2\/pages\/2758\/revisions"}],"predecessor-version":[{"id":2765,"href":"https:\/\/www.deepforestartland.dk\/en\/wp-json\/wp\/v2\/pages\/2758\/revisions\/2765"}],"wp:attachment":[{"href":"https:\/\/www.deepforestartland.dk\/en\/wp-json\/wp\/v2\/media?parent=2758"}],"curies":[{"name":"wp","href":"https:\/\/api.w.org\/{rel}","templated":true}]}}